{"id":10622,"date":"2023-09-29T12:48:02","date_gmt":"2023-09-29T09:48:02","guid":{"rendered":"https:\/\/esgdestek.com\/?page_id=10622"},"modified":"2023-09-29T12:48:02","modified_gmt":"2023-09-29T09:48:02","slug":"akreditasyon-danismanligi","status":"publish","type":"page","link":"https:\/\/esgdestek.com\/index.php\/hizmetlerimiz\/akreditasyon-danismanligi\/","title":{"rendered":"Akreditasyon Dan\u0131\u015fmanl\u0131\u011f\u0131"},"content":{"rendered":"","protected":false},"excerpt":{"rendered":"","protected":false},"author":1,"featured_media":0,"parent":10616,"menu_order":0,"comment_status":"closed","ping_status":"closed","template":"","meta":{"footnotes":""},"class_list":["post-10622","page","type-page","status-publish","hentry"],"_links":{"self":[{"href":"https:\/\/esgdestek.com\/index.php\/wp-json\/wp\/v2\/pages\/10622","targetHints":{"allow":["GET"]}}],"collection":[{"href":"https:\/\/esgdestek.com\/index.php\/wp-json\/wp\/v2\/pages"}],"about":[{"href":"https:\/\/esgdestek.com\/index.php\/wp-json\/wp\/v2\/types\/page"}],"author":[{"embeddable":true,"href":"https:\/\/esgdestek.com\/index.php\/wp-json\/wp\/v2\/users\/1"}],"replies":[{"embeddable":true,"href":"https:\/\/esgdestek.com\/index.php\/wp-json\/wp\/v2\/comments?post=10622"}],"version-history":[{"count":1,"href":"https:\/\/esgdestek.com\/index.php\/wp-json\/wp\/v2\/pages\/10622\/revisions"}],"predecessor-version":[{"id":10623,"href":"https:\/\/esgdestek.com\/index.php\/wp-json\/wp\/v2\/pages\/10622\/revisions\/10623"}],"up":[{"embeddable":true,"href":"https:\/\/esgdestek.com\/index.php\/wp-json\/wp\/v2\/pages\/10616"}],"wp:attachment":[{"href":"https:\/\/esgdestek.com\/index.php\/wp-json\/wp\/v2\/media?parent=10622"}],"curies":[{"name":"wp","href":"https:\/\/api.w.org\/{rel}","templated":true}]}}