{"id":10628,"date":"2023-09-29T12:48:31","date_gmt":"2023-09-29T09:48:31","guid":{"rendered":"https:\/\/esgdestek.com\/?page_id=10628"},"modified":"2023-09-29T12:48:31","modified_gmt":"2023-09-29T09:48:31","slug":"iklim-degisikligine-uyum-ve-karbon-yonetimi","status":"publish","type":"page","link":"https:\/\/esgdestek.com\/index.php\/hizmetlerimiz\/iklim-degisikligine-uyum-ve-karbon-yonetimi\/","title":{"rendered":"\u0130klim De\u011fi\u015fikli\u011fine Uyum Ve Karbon Y\u00f6netimi"},"content":{"rendered":"","protected":false},"excerpt":{"rendered":"","protected":false},"author":1,"featured_media":0,"parent":10616,"menu_order":0,"comment_status":"closed","ping_status":"closed","template":"","meta":{"footnotes":""},"class_list":["post-10628","page","type-page","status-publish","hentry"],"_links":{"self":[{"href":"https:\/\/esgdestek.com\/index.php\/wp-json\/wp\/v2\/pages\/10628","targetHints":{"allow":["GET"]}}],"collection":[{"href":"https:\/\/esgdestek.com\/index.php\/wp-json\/wp\/v2\/pages"}],"about":[{"href":"https:\/\/esgdestek.com\/index.php\/wp-json\/wp\/v2\/types\/page"}],"author":[{"embeddable":true,"href":"https:\/\/esgdestek.com\/index.php\/wp-json\/wp\/v2\/users\/1"}],"replies":[{"embeddable":true,"href":"https:\/\/esgdestek.com\/index.php\/wp-json\/wp\/v2\/comments?post=10628"}],"version-history":[{"count":1,"href":"https:\/\/esgdestek.com\/index.php\/wp-json\/wp\/v2\/pages\/10628\/revisions"}],"predecessor-version":[{"id":10629,"href":"https:\/\/esgdestek.com\/index.php\/wp-json\/wp\/v2\/pages\/10628\/revisions\/10629"}],"up":[{"embeddable":true,"href":"https:\/\/esgdestek.com\/index.php\/wp-json\/wp\/v2\/pages\/10616"}],"wp:attachment":[{"href":"https:\/\/esgdestek.com\/index.php\/wp-json\/wp\/v2\/media?parent=10628"}],"curies":[{"name":"wp","href":"https:\/\/api.w.org\/{rel}","templated":true}]}}