{"id":10664,"date":"2023-09-29T13:25:01","date_gmt":"2023-09-29T10:25:01","guid":{"rendered":"https:\/\/esgdestek.com\/?page_id=10664"},"modified":"2024-08-03T08:45:52","modified_gmt":"2024-08-03T05:45:52","slug":"contact","status":"publish","type":"page","link":"https:\/\/esgdestek.com\/index.php\/contact\/","title":{"rendered":"Contact"},"content":{"rendered":"\t\t<div data-elementor-type=\"wp-page\" data-elementor-id=\"10664\" class=\"elementor elementor-10664\">\n\t\t\t\t\t\t\t        <section class=\"elementor-section elementor-top-section elementor-element elementor-element-3f6cffc elementor-section-boxed elementor-section-height-default elementor-section-height-default ct-header-fixed-none ct-column-none ct-row-scroll-none ct-row-gradient--none\" data-id=\"3f6cffc\" data-element_type=\"section\">\n            \n                        <div class=\"elementor-container elementor-column-gap-default \">\n                    <div class=\"elementor-column elementor-col-50 elementor-top-column elementor-element elementor-element-359f7b6 ct-column-none col-offset-none col-color-offset-none\" data-id=\"359f7b6\" data-element_type=\"column\">\n            <div class=\"elementor-widget-wrap elementor-element-populated\">\n                        \t\t<div class=\"elementor-element elementor-element-e91739c elementor-widget elementor-widget-ct_contact_info\" data-id=\"e91739c\" data-element_type=\"widget\" data-widget_type=\"ct_contact_info.default\">\n\t\t\t\t<div class=\"elementor-widget-container\">\n\t\t\t    <div id=\"ct_contact_info-e91739c\" class=\"ct-contact-info ct-contact-info1 style2 \" data-wow-duration=\"1.2s\">\r\n        <div class=\"ct-inline-css\"  data-css=\"\r\n            \">\r\n\r\n        <\/div>\r\n                        <div class=\"item--contact-info\">\r\n                \t    \t\t\t        <span class=\"ct-contact-icon\">\r\n    \t\t                <i aria-hidden=\"true\" class=\"fas fa-map-marker-alt\"><\/i>    \t\t                    \t\t\t        <\/span>\r\n    \t\t\t                        <span class=\"ct-contact-content\">\r\n                \t   T\u00fcrkey Office\n                    <\/span>\r\n                                   <\/div>\r\n                        <div class=\"item--contact-info\">\r\n                \t    \t\t\t        <span class=\"ct-contact-icon\">\r\n    \t\t                <i aria-hidden=\"true\" class=\"fas fa-map-marked-alt\"><\/i>    \t\t                    \t\t\t        <\/span>\r\n    \t\t\t                        <span class=\"ct-contact-content\">\r\n                \t   SMK Tower Plaza, Eski\u015fehir Yolu \u00dczere, Ba\u015fkent \u00dcniversitesi Kar\u015f\u0131s\u0131, 3028. CAD. NO:6 Daire: 1603 Konutkent Mahallesi, \u00c7ankaya, Ankara, T\u00dcRK\u0130YE                    <\/span>\r\n                                   <\/div>\r\n                        <div class=\"item--contact-info\">\r\n                \t    \t\t\t        <span class=\"ct-contact-icon\">\r\n    \t\t                <i aria-hidden=\"true\" class=\"flaticon flaticon-phone-call\"><\/i>    \t\t                    \t\t\t        <\/span>\r\n    \t\t\t                        <span class=\"ct-contact-content\">\r\n                \t   +90                    <\/span>\r\n                                   <\/div>\r\n                        <div class=\"item--contact-info\">\r\n                \t    \t\t\t        <span class=\"ct-contact-icon\">\r\n    \t\t                <i aria-hidden=\"true\" class=\"far fa-envelope\"><\/i>    \t\t                    \t\t\t        <\/span>\r\n    \t\t\t                        <span class=\"ct-contact-content\">\r\n                \t   info@esgdestek.com                    <\/span>\r\n                                   <\/div>\r\n            <\/div>\r\n\t\t<\/div>\n\t\t\t\t<\/div>\n\t\t            <\/div>\n        <\/div>\n                <div class=\"elementor-column elementor-col-50 elementor-top-column elementor-element elementor-element-e004127 ct-column-none col-offset-none col-color-offset-none\" data-id=\"e004127\" data-element_type=\"column\">\n            <div class=\"elementor-widget-wrap elementor-element-populated\">\n                        \t\t<div class=\"elementor-element elementor-element-1aa9e82 elementor-widget elementor-widget-ct_contact_info\" data-id=\"1aa9e82\" data-element_type=\"widget\" data-widget_type=\"ct_contact_info.default\">\n\t\t\t\t<div class=\"elementor-widget-container\">\n\t\t\t    <div id=\"ct_contact_info-1aa9e82\" class=\"ct-contact-info ct-contact-info1 style2 \" data-wow-duration=\"1.2s\">\r\n        <div class=\"ct-inline-css\"  data-css=\"\r\n            \">\r\n\r\n        <\/div>\r\n                        <div class=\"item--contact-info\">\r\n                \t    \t\t\t        <span class=\"ct-contact-icon\">\r\n    \t\t                <i aria-hidden=\"true\" class=\"fas fa-map-marker-alt\"><\/i>    \t\t                    \t\t\t        <\/span>\r\n    \t\t\t                        <span class=\"ct-contact-content\">\r\n                \t   United States (USA) Office\n                    <\/span>\r\n                                   <\/div>\r\n                        <div class=\"item--contact-info\">\r\n                \t    \t\t\t        <span class=\"ct-contact-icon\">\r\n    \t\t                <i aria-hidden=\"true\" class=\"fas fa-map-marked-alt\"><\/i>    \t\t                    \t\t\t        <\/span>\r\n    \t\t\t                        <span class=\"ct-contact-content\">\r\n                \t   114 Essex Street, 2nd. Fl. Rochelle Park, New Jersey 07662                    <\/span>\r\n                                   <\/div>\r\n                        <div class=\"item--contact-info\">\r\n                \t    \t\t\t        <span class=\"ct-contact-icon\">\r\n    \t\t                <i aria-hidden=\"true\" class=\"flaticon flaticon-phone-call\"><\/i>    \t\t                    \t\t\t        <\/span>\r\n    \t\t\t                        <span class=\"ct-contact-content\">\r\n                \t   +1 212-518-8897                    <\/span>\r\n                                   <\/div>\r\n                        <div class=\"item--contact-info\">\r\n                \t    \t\t\t        <span class=\"ct-contact-icon\">\r\n    \t\t                <i aria-hidden=\"true\" class=\"far fa-envelope\"><\/i>    \t\t                    \t\t\t        <\/span>\r\n    \t\t\t                        <span class=\"ct-contact-content\">\r\n                \t   info@esgdestek.com                    <\/span>\r\n                                   <\/div>\r\n            <\/div>\r\n\t\t<\/div>\n\t\t\t\t<\/div>\n\t\t            <\/div>\n        <\/div>\n                            <\/div>\n        <\/section>\n        \t\t\t\t\t<\/div>\n\t\t","protected":false},"excerpt":{"rendered":"<p>T\u00fcrkey Office SMK Tower Plaza, Eski\u015fehir Yolu \u00dczere, Ba\u015fkent \u00dcniversitesi Kar\u015f\u0131s\u0131, 3028. CAD. NO:6 Daire: 1603 Konutkent Mahallesi, \u00c7ankaya, Ankara, T\u00dcRK\u0130YE +90 info@esgdestek.com United States (USA) Office 114 Essex Street, 2nd. Fl. Rochelle Park, New Jersey 07662 +1 212-518-8897 info@esgdestek.com<\/p>\n","protected":false},"author":1,"featured_media":0,"parent":0,"menu_order":0,"comment_status":"closed","ping_status":"closed","template":"","meta":{"footnotes":""},"class_list":["post-10664","page","type-page","status-publish","hentry"],"_links":{"self":[{"href":"https:\/\/esgdestek.com\/index.php\/wp-json\/wp\/v2\/pages\/10664","targetHints":{"allow":["GET"]}}],"collection":[{"href":"https:\/\/esgdestek.com\/index.php\/wp-json\/wp\/v2\/pages"}],"about":[{"href":"https:\/\/esgdestek.com\/index.php\/wp-json\/wp\/v2\/types\/page"}],"author":[{"embeddable":true,"href":"https:\/\/esgdestek.com\/index.php\/wp-json\/wp\/v2\/users\/1"}],"replies":[{"embeddable":true,"href":"https:\/\/esgdestek.com\/index.php\/wp-json\/wp\/v2\/comments?post=10664"}],"version-history":[{"count":10,"href":"https:\/\/esgdestek.com\/index.php\/wp-json\/wp\/v2\/pages\/10664\/revisions"}],"predecessor-version":[{"id":10818,"href":"https:\/\/esgdestek.com\/index.php\/wp-json\/wp\/v2\/pages\/10664\/revisions\/10818"}],"wp:attachment":[{"href":"https:\/\/esgdestek.com\/index.php\/wp-json\/wp\/v2\/media?parent=10664"}],"curies":[{"name":"wp","href":"https:\/\/api.w.org\/{rel}","templated":true}]}}